{"id":152,"date":"2024-12-19T12:31:24","date_gmt":"2024-12-19T10:31:24","guid":{"rendered":"https:\/\/shop.kristoforas.lt\/?post_type=product&#038;p=152"},"modified":"2025-01-08T13:37:27","modified_gmt":"2025-01-08T11:37:27","slug":"rasiklis","status":"publish","type":"product","link":"https:\/\/shop.kristoforas.lt\/en\/product\/rasiklis\/","title":{"rendered":"RA\u0160IKLIS"},"content":{"rendered":"<p>Ra\u0161iklis su \u012frankiu lie\u010diamajam ekranui \u2013 mobili, patogi ra\u0161ymo priemon\u0117. Tu\u0161inukas su \u012frankiu gale lie\u010diamajam ekranui. Viskas viename.<\/p>\n<p>Tai patogi ra\u0161ymo priemon\u0117 ne\u0161iotis rankin\u0117je.\u00a0Ra\u0161iklis su \u012frankiu lie\u010diamajam ekranui\u00a0gali b\u016bti puiki dovana.<\/p>","protected":false},"excerpt":{"rendered":"<p><em><strong>Ra\u0161iklis su \u012frankiu lie\u010diamajam ekranui<\/strong><\/em><\/p>","protected":false},"featured_media":15,"comment_status":"open","ping_status":"closed","template":"","meta":{"_crdt_document":"","advanced_seo_description":"","jetpack_seo_html_title":"","jetpack_seo_noindex":false,"jetpack_publicize_message":"","jetpack_publicize_feature_enabled":true,"jetpack_social_post_already_shared":true,"jetpack_social_options":{"image_generator_settings":{"template":"highway","default_image_id":0,"font":"","enabled":false},"version":2},"_wpas_customize_per_network":false},"product_brand":[],"product_cat":[],"product_tag":[],"class_list":{"0":"post-152","1":"product","2":"type-product","3":"status-publish","4":"has-post-thumbnail","7":"first","8":"instock","9":"shipping-taxable","10":"purchasable","11":"product-type-simple"},"jetpack_publicize_connections":[],"jetpack_likes_enabled":true,"jetpack_sharing_enabled":true,"jetpack-related-posts":[],"_links":{"self":[{"href":"https:\/\/shop.kristoforas.lt\/en\/wp-json\/wp\/v2\/product\/152","targetHints":{"allow":["GET"]}}],"collection":[{"href":"https:\/\/shop.kristoforas.lt\/en\/wp-json\/wp\/v2\/product"}],"about":[{"href":"https:\/\/shop.kristoforas.lt\/en\/wp-json\/wp\/v2\/types\/product"}],"replies":[{"embeddable":true,"href":"https:\/\/shop.kristoforas.lt\/en\/wp-json\/wp\/v2\/comments?post=152"}],"wp:featuredmedia":[{"embeddable":true,"href":"https:\/\/shop.kristoforas.lt\/en\/wp-json\/wp\/v2\/media\/15"}],"wp:attachment":[{"href":"https:\/\/shop.kristoforas.lt\/en\/wp-json\/wp\/v2\/media?parent=152"}],"wp:term":[{"taxonomy":"product_brand","embeddable":true,"href":"https:\/\/shop.kristoforas.lt\/en\/wp-json\/wp\/v2\/product_brand?post=152"},{"taxonomy":"product_cat","embeddable":true,"href":"https:\/\/shop.kristoforas.lt\/en\/wp-json\/wp\/v2\/product_cat?post=152"},{"taxonomy":"product_tag","embeddable":true,"href":"https:\/\/shop.kristoforas.lt\/en\/wp-json\/wp\/v2\/product_tag?post=152"}],"curies":[{"name":"wp","href":"https:\/\/api.w.org\/{rel}","templated":true}]}}