{"id":149,"date":"2024-12-19T12:26:38","date_gmt":"2024-12-19T10:26:38","guid":{"rendered":"https:\/\/shop.kristoforas.lt\/?post_type=product&#038;p=149"},"modified":"2025-02-18T18:28:46","modified_gmt":"2025-02-18T16:28:46","slug":"sketis","status":"publish","type":"product","link":"https:\/\/shop.kristoforas.lt\/en\/product\/sketis\/","title":{"rendered":"SK\u0116TIS"},"content":{"rendered":"<p>Lietuva \u2013 vieta kur liet\u016bs lyja. Ko tr\u016bksta, kad lyjant dar labiau d\u017eiaugtumeisi gyvenimu? Mmm\u2026 sk\u0117\u010dio? Teisingai! \u0160is juodas, auk\u0161tos kokyb\u0117s, stilingas sk\u0117tis su \u0160v. Kristoforo kamerinio orkestro logotipu leis jums m\u0117gautis gyvenimu net ir lietui lyjant.<\/p>","protected":false},"excerpt":{"rendered":"<p>Juodas, stilingas, auk\u0161tos kokyb\u0117s sk\u0117tis su \u0160v. Kristoforo kamerinio orkestro logotipu.<\/p>","protected":false},"featured_media":35,"comment_status":"open","ping_status":"closed","template":"","meta":{"_crdt_document":"","advanced_seo_description":"","jetpack_seo_html_title":"","jetpack_seo_noindex":false,"jetpack_publicize_message":"","jetpack_publicize_feature_enabled":true,"jetpack_social_post_already_shared":true,"jetpack_social_options":{"image_generator_settings":{"template":"highway","default_image_id":0,"font":"","enabled":false},"version":2},"_wpas_customize_per_network":false},"product_brand":[],"product_cat":[],"product_tag":[],"class_list":{"0":"post-149","1":"product","2":"type-product","3":"status-publish","4":"has-post-thumbnail","7":"first","8":"instock","9":"shipping-taxable","10":"purchasable","11":"product-type-simple"},"jetpack_publicize_connections":[],"jetpack_likes_enabled":true,"jetpack_sharing_enabled":true,"jetpack-related-posts":[],"_links":{"self":[{"href":"https:\/\/shop.kristoforas.lt\/en\/wp-json\/wp\/v2\/product\/149","targetHints":{"allow":["GET"]}}],"collection":[{"href":"https:\/\/shop.kristoforas.lt\/en\/wp-json\/wp\/v2\/product"}],"about":[{"href":"https:\/\/shop.kristoforas.lt\/en\/wp-json\/wp\/v2\/types\/product"}],"replies":[{"embeddable":true,"href":"https:\/\/shop.kristoforas.lt\/en\/wp-json\/wp\/v2\/comments?post=149"}],"wp:featuredmedia":[{"embeddable":true,"href":"https:\/\/shop.kristoforas.lt\/en\/wp-json\/wp\/v2\/media\/35"}],"wp:attachment":[{"href":"https:\/\/shop.kristoforas.lt\/en\/wp-json\/wp\/v2\/media?parent=149"}],"wp:term":[{"taxonomy":"product_brand","embeddable":true,"href":"https:\/\/shop.kristoforas.lt\/en\/wp-json\/wp\/v2\/product_brand?post=149"},{"taxonomy":"product_cat","embeddable":true,"href":"https:\/\/shop.kristoforas.lt\/en\/wp-json\/wp\/v2\/product_cat?post=149"},{"taxonomy":"product_tag","embeddable":true,"href":"https:\/\/shop.kristoforas.lt\/en\/wp-json\/wp\/v2\/product_tag?post=149"}],"curies":[{"name":"wp","href":"https:\/\/api.w.org\/{rel}","templated":true}]}}