{"id":139,"date":"2024-12-19T12:02:35","date_gmt":"2024-12-19T10:02:35","guid":{"rendered":"https:\/\/shop.kristoforas.lt\/?post_type=product&#038;p=139"},"modified":"2025-01-08T13:43:31","modified_gmt":"2025-01-08T11:43:31","slug":"suvenyrine-uzrasu-knygele","status":"publish","type":"product","link":"https:\/\/shop.kristoforas.lt\/en\/product\/suvenyrine-uzrasu-knygele\/","title":{"rendered":"SUVENYRIN\u0116 U\u017dRA\u0160\u0172 KNYGEL\u0116"},"content":{"rendered":"<div>Suvenyrin\u0117 u\u017era\u0161\u0173 knygel\u0117 \u2013 unikali dovana artimajam, partneriui, kolegai.<\/div>\n<div><\/div>\n<div>U\u017era\u0161\u0173 knygel\u0117je\u00a0 J\u016bs\u0173 mintys ir planai nuguls greta \u0160v. Kristoforo kamerinio orkestro fotografij\u0173.\u00a0 Pildysite \u0161i\u0105 unikali\u0105 knygel\u0119 savo u\u017era\u0161ais ir kartu prisiminsite akimirkas praleistas su \u0160v. Kristoforo kameriniu orkestru.<\/div>","protected":false},"excerpt":{"rendered":"<p>Suvenyrin\u0117 u\u017era\u0161\u0173 knygel\u0117 su \u0160v. Kristoforo kamerinio orkestro fotografijomis.<\/p>","protected":false},"featured_media":21,"comment_status":"open","ping_status":"closed","template":"","meta":{"_crdt_document":"","advanced_seo_description":"","jetpack_seo_html_title":"","jetpack_seo_noindex":false,"jetpack_publicize_message":"","jetpack_publicize_feature_enabled":true,"jetpack_social_post_already_shared":true,"jetpack_social_options":{"image_generator_settings":{"template":"highway","default_image_id":0,"font":"","enabled":false},"version":2},"_wpas_customize_per_network":false},"product_brand":[],"product_cat":[],"product_tag":[],"class_list":{"0":"post-139","1":"product","2":"type-product","3":"status-publish","4":"has-post-thumbnail","7":"first","8":"instock","9":"shipping-taxable","10":"purchasable","11":"product-type-simple"},"jetpack_publicize_connections":[],"jetpack_likes_enabled":true,"jetpack_sharing_enabled":true,"jetpack-related-posts":[],"_links":{"self":[{"href":"https:\/\/shop.kristoforas.lt\/en\/wp-json\/wp\/v2\/product\/139","targetHints":{"allow":["GET"]}}],"collection":[{"href":"https:\/\/shop.kristoforas.lt\/en\/wp-json\/wp\/v2\/product"}],"about":[{"href":"https:\/\/shop.kristoforas.lt\/en\/wp-json\/wp\/v2\/types\/product"}],"replies":[{"embeddable":true,"href":"https:\/\/shop.kristoforas.lt\/en\/wp-json\/wp\/v2\/comments?post=139"}],"wp:featuredmedia":[{"embeddable":true,"href":"https:\/\/shop.kristoforas.lt\/en\/wp-json\/wp\/v2\/media\/21"}],"wp:attachment":[{"href":"https:\/\/shop.kristoforas.lt\/en\/wp-json\/wp\/v2\/media?parent=139"}],"wp:term":[{"taxonomy":"product_brand","embeddable":true,"href":"https:\/\/shop.kristoforas.lt\/en\/wp-json\/wp\/v2\/product_brand?post=139"},{"taxonomy":"product_cat","embeddable":true,"href":"https:\/\/shop.kristoforas.lt\/en\/wp-json\/wp\/v2\/product_cat?post=139"},{"taxonomy":"product_tag","embeddable":true,"href":"https:\/\/shop.kristoforas.lt\/en\/wp-json\/wp\/v2\/product_tag?post=139"}],"curies":[{"name":"wp","href":"https:\/\/api.w.org\/{rel}","templated":true}]}}