{"id":137,"date":"2024-12-19T11:49:25","date_gmt":"2024-12-19T09:49:25","guid":{"rendered":"https:\/\/shop.kristoforas.lt\/?post_type=product&#038;p=137"},"modified":"2025-01-08T13:28:44","modified_gmt":"2025-01-08T11:28:44","slug":"drabuziu-deklas","status":"publish","type":"product","link":"https:\/\/shop.kristoforas.lt\/en\/product\/drabuziu-deklas\/","title":{"rendered":"DRABU\u017dI\u0172 D\u0116KLAS"},"content":{"rendered":"<p>\u0160is juodas drabu\u017ei\u0173 d\u0117klas yra puikus sprendimas j\u016bs\u0173 drabu\u017eiams laikyti. Pagamintas i\u0161 auk\u0161tos kokyb\u0117s med\u017eiag\u0173, jis apsaugo j\u016bs\u0173 drabu\u017eius nuo dulki\u0173 ir ne\u0161varum\u0173. D\u0117klas turi u\u017etrauktuk\u0105, kuris leid\u017eia lengvai pasiekti viduje esan\u010dius drabu\u017eius. Tai prakti\u0161kas ir stilingas pasirinkimas j\u016bs\u0173 drabu\u017ei\u0173 apsaugai.<\/p>","protected":false},"excerpt":{"rendered":"<p>Prakti\u0161kas ir stilingas drabu\u017ei\u0173 d\u0117klas su \u0160v. Kristoforo kamerinio orkestro logotipu.<\/p>","protected":false},"featured_media":50,"comment_status":"open","ping_status":"closed","template":"","meta":{"_crdt_document":"","advanced_seo_description":"","jetpack_seo_html_title":"","jetpack_seo_noindex":false,"jetpack_publicize_message":"","jetpack_publicize_feature_enabled":true,"jetpack_social_post_already_shared":true,"jetpack_social_options":{"image_generator_settings":{"template":"highway","default_image_id":0,"font":"","enabled":false},"version":2},"_wpas_customize_per_network":false},"product_brand":[],"product_cat":[],"product_tag":[],"class_list":{"0":"post-137","1":"product","2":"type-product","3":"status-publish","4":"has-post-thumbnail","7":"first","8":"instock","9":"shipping-taxable","10":"purchasable","11":"product-type-simple"},"jetpack_publicize_connections":[],"jetpack_likes_enabled":true,"jetpack_sharing_enabled":true,"jetpack-related-posts":[],"_links":{"self":[{"href":"https:\/\/shop.kristoforas.lt\/en\/wp-json\/wp\/v2\/product\/137","targetHints":{"allow":["GET"]}}],"collection":[{"href":"https:\/\/shop.kristoforas.lt\/en\/wp-json\/wp\/v2\/product"}],"about":[{"href":"https:\/\/shop.kristoforas.lt\/en\/wp-json\/wp\/v2\/types\/product"}],"replies":[{"embeddable":true,"href":"https:\/\/shop.kristoforas.lt\/en\/wp-json\/wp\/v2\/comments?post=137"}],"wp:featuredmedia":[{"embeddable":true,"href":"https:\/\/shop.kristoforas.lt\/en\/wp-json\/wp\/v2\/media\/50"}],"wp:attachment":[{"href":"https:\/\/shop.kristoforas.lt\/en\/wp-json\/wp\/v2\/media?parent=137"}],"wp:term":[{"taxonomy":"product_brand","embeddable":true,"href":"https:\/\/shop.kristoforas.lt\/en\/wp-json\/wp\/v2\/product_brand?post=137"},{"taxonomy":"product_cat","embeddable":true,"href":"https:\/\/shop.kristoforas.lt\/en\/wp-json\/wp\/v2\/product_cat?post=137"},{"taxonomy":"product_tag","embeddable":true,"href":"https:\/\/shop.kristoforas.lt\/en\/wp-json\/wp\/v2\/product_tag?post=137"}],"curies":[{"name":"wp","href":"https:\/\/api.w.org\/{rel}","templated":true}]}}