{"id":135,"date":"2024-12-19T11:40:01","date_gmt":"2024-12-19T09:40:01","guid":{"rendered":"https:\/\/shop.kristoforas.lt\/?post_type=product&#038;p=135"},"modified":"2024-12-19T11:40:01","modified_gmt":"2024-12-19T09:40:01","slug":"orkestro-metrastis","status":"publish","type":"product","link":"https:\/\/shop.kristoforas.lt\/en\/product\/orkestro-metrastis\/","title":{"rendered":"ORKESTRO METRA\u0160TIS"},"content":{"rendered":"<p>&#8222;Metra\u0161tis. 25-eri \u0160v. Kristoforo kamerinio orkestro metai\u201c buvo i\u0161leistas \u0160v. Kristoforo kamerinio orkestro 25 &#8211; me\u010dio proga. \u0160iame spalvingame leidinyje surinktos vis\u0173 25 met\u0173 orkestro koncert\u0173 programos, jo \u012fk\u016br\u0117jo ir garb\u0117s dirigento Donato Katkaus pasakojimai, bei ry\u0161kiausi\u0173 \u0161alies meninink\u0173 mintys apie gra\u017ei\u0105 sukakt\u012f min\u0117jus\u012f kolektyv\u0105.<\/p>","protected":false},"excerpt":{"rendered":"<p>&#8222;Metra\u0161tis. 25-eri \u0160v. Kristoforo kamerinio orkestro metai\u201c<\/p>","protected":false},"featured_media":24,"comment_status":"open","ping_status":"closed","template":"","meta":{"_crdt_document":"","advanced_seo_description":"","jetpack_seo_html_title":"","jetpack_seo_noindex":false,"jetpack_publicize_message":"","jetpack_publicize_feature_enabled":true,"jetpack_social_post_already_shared":true,"jetpack_social_options":{"image_generator_settings":{"template":"highway","default_image_id":0,"font":"","enabled":false},"version":2},"_wpas_customize_per_network":false},"product_brand":[],"product_cat":[],"product_tag":[],"class_list":{"0":"post-135","1":"product","2":"type-product","3":"status-publish","4":"has-post-thumbnail","7":"first","8":"instock","9":"shipping-taxable","10":"purchasable","11":"product-type-simple"},"jetpack_publicize_connections":[],"jetpack_likes_enabled":true,"jetpack_sharing_enabled":true,"jetpack-related-posts":[],"_links":{"self":[{"href":"https:\/\/shop.kristoforas.lt\/en\/wp-json\/wp\/v2\/product\/135","targetHints":{"allow":["GET"]}}],"collection":[{"href":"https:\/\/shop.kristoforas.lt\/en\/wp-json\/wp\/v2\/product"}],"about":[{"href":"https:\/\/shop.kristoforas.lt\/en\/wp-json\/wp\/v2\/types\/product"}],"replies":[{"embeddable":true,"href":"https:\/\/shop.kristoforas.lt\/en\/wp-json\/wp\/v2\/comments?post=135"}],"wp:featuredmedia":[{"embeddable":true,"href":"https:\/\/shop.kristoforas.lt\/en\/wp-json\/wp\/v2\/media\/24"}],"wp:attachment":[{"href":"https:\/\/shop.kristoforas.lt\/en\/wp-json\/wp\/v2\/media?parent=135"}],"wp:term":[{"taxonomy":"product_brand","embeddable":true,"href":"https:\/\/shop.kristoforas.lt\/en\/wp-json\/wp\/v2\/product_brand?post=135"},{"taxonomy":"product_cat","embeddable":true,"href":"https:\/\/shop.kristoforas.lt\/en\/wp-json\/wp\/v2\/product_cat?post=135"},{"taxonomy":"product_tag","embeddable":true,"href":"https:\/\/shop.kristoforas.lt\/en\/wp-json\/wp\/v2\/product_tag?post=135"}],"curies":[{"name":"wp","href":"https:\/\/api.w.org\/{rel}","templated":true}]}}