{"id":132,"date":"2024-12-18T18:53:09","date_gmt":"2024-12-18T16:53:09","guid":{"rendered":"https:\/\/shop.kristoforas.lt\/?post_type=product&#038;p=132"},"modified":"2024-12-23T14:14:05","modified_gmt":"2024-12-23T12:14:05","slug":"gertuve","status":"publish","type":"product","link":"https:\/\/shop.kristoforas.lt\/en\/product\/gertuve\/","title":{"rendered":"GERTUV\u0116"},"content":{"rendered":"<p>Gertuv\u0117 i\u0161 RPET, kurioje n\u0117ra BPA. Nepraleid\u017eia skys\u010dio. Talpa: 500 ml. Netinka gazuotiems g\u0117rimams.<\/p>","protected":false},"excerpt":{"rendered":"<p>Gertuv\u0117 i\u0161 RPET, kurioje n\u0117ra BPA. Nepraleid\u017eia skys\u010dio. Talpa: 500 ml. Netinka gazuotiems g\u0117rimams.<\/p>","protected":false},"featured_media":27,"comment_status":"open","ping_status":"closed","template":"","meta":{"_crdt_document":"","advanced_seo_description":"","jetpack_seo_html_title":"","jetpack_seo_noindex":false,"jetpack_publicize_message":"","jetpack_publicize_feature_enabled":true,"jetpack_social_post_already_shared":true,"jetpack_social_options":{"image_generator_settings":{"template":"highway","default_image_id":0,"font":"","enabled":false},"version":2},"_wpas_customize_per_network":false},"product_brand":[],"product_cat":[],"product_tag":[],"class_list":{"0":"post-132","1":"product","2":"type-product","3":"status-publish","4":"has-post-thumbnail","7":"first","8":"instock","9":"shipping-taxable","10":"purchasable","11":"product-type-simple"},"jetpack_publicize_connections":[],"jetpack_likes_enabled":true,"jetpack_sharing_enabled":true,"jetpack-related-posts":[],"_links":{"self":[{"href":"https:\/\/shop.kristoforas.lt\/en\/wp-json\/wp\/v2\/product\/132","targetHints":{"allow":["GET"]}}],"collection":[{"href":"https:\/\/shop.kristoforas.lt\/en\/wp-json\/wp\/v2\/product"}],"about":[{"href":"https:\/\/shop.kristoforas.lt\/en\/wp-json\/wp\/v2\/types\/product"}],"replies":[{"embeddable":true,"href":"https:\/\/shop.kristoforas.lt\/en\/wp-json\/wp\/v2\/comments?post=132"}],"wp:featuredmedia":[{"embeddable":true,"href":"https:\/\/shop.kristoforas.lt\/en\/wp-json\/wp\/v2\/media\/27"}],"wp:attachment":[{"href":"https:\/\/shop.kristoforas.lt\/en\/wp-json\/wp\/v2\/media?parent=132"}],"wp:term":[{"taxonomy":"product_brand","embeddable":true,"href":"https:\/\/shop.kristoforas.lt\/en\/wp-json\/wp\/v2\/product_brand?post=132"},{"taxonomy":"product_cat","embeddable":true,"href":"https:\/\/shop.kristoforas.lt\/en\/wp-json\/wp\/v2\/product_cat?post=132"},{"taxonomy":"product_tag","embeddable":true,"href":"https:\/\/shop.kristoforas.lt\/en\/wp-json\/wp\/v2\/product_tag?post=132"}],"curies":[{"name":"wp","href":"https:\/\/api.w.org\/{rel}","templated":true}]}}