{"id":125,"date":"2024-12-18T15:22:39","date_gmt":"2024-12-18T13:22:39","guid":{"rendered":"https:\/\/shop.kristoforas.lt\/?post_type=product&#038;p=125"},"modified":"2025-01-08T13:34:34","modified_gmt":"2025-01-08T11:34:34","slug":"kelionine-pagalvele","status":"publish","type":"product","link":"https:\/\/shop.kristoforas.lt\/en\/product\/kelionine-pagalvele\/","title":{"rendered":"KELIONIN\u0116 PRIPU\u010cIAMA PAGALV\u0116L\u0116"},"content":{"rendered":"<p>U formos pripu\u010diama pagalv\u0117l\u0117, kuri\u0105 u\u017esid\u0117site ant kaklo, garantuoja komfort\u0105 \u012fvairiose situacijose. Ji leid\u017eia atsipalaiduoti ir m\u0117gautis ne tik kelion\u0117s tikslu, bet ir pa\u010dia kelione! Ji suma\u017eins \u012ftamp\u0105, tod\u0117l keliaudami nepatirsite diskomforto ar galvos skausmo. Ji suma\u017eina kaklo \u012ftamp\u0105 ir atpalaiduoja raumenis.<\/p>\n<p>Keliaujant kelionin\u0117 pagalv\u0117 netur\u0117t\u0173 gul\u0117ti j\u016bs\u0173 baga\u017ee; ji yra nedidel\u0117, bet pakankamai didel\u0117, kad ilgoje kelion\u0117je jaustum\u0117t\u0117s patogiai.<\/p>\n<p>\u0160i pagalv\u0117l\u0117 atlaikys ne vien\u0105 kelion\u0119, tod\u0117l pagalv\u0117 lengvai pateks \u012f j\u016bs\u0173 privalom\u0173 kelioni\u0173 s\u0105ra\u0161\u0105!<\/p>","protected":false},"excerpt":{"rendered":"<p>U formos pripu\u010diama kelionin\u0117 pagalv\u0117l\u0117 su \u0160v. Kristoforo kamerinio orkestro \u0161\u016bkiu ir logotipu.<\/p>","protected":false},"featured_media":80,"comment_status":"open","ping_status":"closed","template":"","meta":{"_crdt_document":"","advanced_seo_description":"","jetpack_seo_html_title":"","jetpack_seo_noindex":false,"jetpack_publicize_message":"","jetpack_publicize_feature_enabled":true,"jetpack_social_post_already_shared":true,"jetpack_social_options":{"image_generator_settings":{"template":"highway","default_image_id":0,"font":"","enabled":false},"version":2},"_wpas_customize_per_network":false},"product_brand":[],"product_cat":[49382],"product_tag":[],"class_list":{"0":"post-125","1":"product","2":"type-product","3":"status-publish","4":"has-post-thumbnail","6":"product_cat-be-kategorijos","8":"first","9":"instock","10":"shipping-taxable","11":"purchasable","12":"product-type-simple"},"jetpack_publicize_connections":[],"jetpack_likes_enabled":true,"jetpack_sharing_enabled":true,"jetpack-related-posts":[],"_links":{"self":[{"href":"https:\/\/shop.kristoforas.lt\/en\/wp-json\/wp\/v2\/product\/125","targetHints":{"allow":["GET"]}}],"collection":[{"href":"https:\/\/shop.kristoforas.lt\/en\/wp-json\/wp\/v2\/product"}],"about":[{"href":"https:\/\/shop.kristoforas.lt\/en\/wp-json\/wp\/v2\/types\/product"}],"replies":[{"embeddable":true,"href":"https:\/\/shop.kristoforas.lt\/en\/wp-json\/wp\/v2\/comments?post=125"}],"wp:featuredmedia":[{"embeddable":true,"href":"https:\/\/shop.kristoforas.lt\/en\/wp-json\/wp\/v2\/media\/80"}],"wp:attachment":[{"href":"https:\/\/shop.kristoforas.lt\/en\/wp-json\/wp\/v2\/media?parent=125"}],"wp:term":[{"taxonomy":"product_brand","embeddable":true,"href":"https:\/\/shop.kristoforas.lt\/en\/wp-json\/wp\/v2\/product_brand?post=125"},{"taxonomy":"product_cat","embeddable":true,"href":"https:\/\/shop.kristoforas.lt\/en\/wp-json\/wp\/v2\/product_cat?post=125"},{"taxonomy":"product_tag","embeddable":true,"href":"https:\/\/shop.kristoforas.lt\/en\/wp-json\/wp\/v2\/product_tag?post=125"}],"curies":[{"name":"wp","href":"https:\/\/api.w.org\/{rel}","templated":true}]}}