{"id":1,"date":"2024-12-08T13:20:33","date_gmt":"2024-12-08T13:20:33","guid":{"rendered":"http:\/\/shop.kristoforas.lt\/?page_id=1"},"modified":"2024-12-20T16:15:16","modified_gmt":"2024-12-20T14:15:16","slug":"apie","status":"publish","type":"page","link":"https:\/\/shop.kristoforas.lt\/en\/apie\/","title":{"rendered":"Apie"},"content":{"rendered":"<p class=\"wp-block-paragraph\">Vilniaus miesto savivaldyb\u0117s \u0161v. Kristoforo kamerinis orkestras (meno vadovas ir vyr. dirigentas \u2013 Modestas Barkauskas, garb\u0117s dirigentas Donatas Katkus, ) \u2013 kolektyvas, gars\u0117jantis universalumu, profesionalumu, menine vaizduote. Orkestras \u2013 laukiamas sve\u010dias ne tik Lietuvos ir u\u017esienio \u0161ali\u0173 presti\u017ein\u0117se koncert\u0173 sal\u0117se, kaip Pary\u017eiaus\u00a0<em>Th\u00e9\u00e2tre des Champs-\u00c9lys\u00e9es<\/em>, Reikjaviko\u00a0<em>Harpa<\/em>, Stokholmo\u00a0<em>Berwaldhallen<\/em>, UNESCO b\u016bstin\u0117 Pary\u017eiuje, Var\u0161uvos Karali\u0173 r\u016bmai, bet ir estrados scenose ar net sm\u0117lio karjeruose\u2026<\/p>\n\n\n\n<div class=\"wp-block-buttons is-layout-flex wp-block-buttons-is-layout-flex\">\n<div class=\"wp-block-button\"><a class=\"wp-block-button__link wp-element-button\" href=\"https:\/\/www.kristoforas.lt\/apie-mus\/apie-orkestra\/\">skaityti daugiau<\/a><\/div>\n<\/div>","protected":false},"excerpt":{"rendered":"<p>Vilniaus miesto savivaldyb\u0117s \u0161v. Kristoforo kamerinis orkestras (meno vadovas ir vyr. dirigentas \u2013 Modestas Barkauskas, garb\u0117s dirigentas Donatas Katkus, ) \u2013 kolektyvas, gars\u0117jantis universalumu, profesionalumu, menine vaizduote. Orkestras \u2013 laukiamas sve\u010dias ne tik Lietuvos ir u\u017esienio \u0161ali\u0173 presti\u017ein\u0117se koncert\u0173 sal\u0117se, kaip Pary\u017eiaus\u00a0Th\u00e9\u00e2tre des Champs-\u00c9lys\u00e9es, Reikjaviko\u00a0Harpa, Stokholmo\u00a0Berwaldhallen, UNESCO b\u016bstin\u0117 Pary\u017eiuje, Var\u0161uvos Karali\u0173 r\u016bmai, bet ir estrados [&hellip;]<\/p>\n","protected":false},"author":199783574,"featured_media":0,"parent":0,"menu_order":0,"comment_status":"closed","ping_status":"open","template":"","meta":{"_crdt_document":"","advanced_seo_description":"","jetpack_seo_html_title":"","jetpack_seo_noindex":false,"footnotes":""},"class_list":["post-1","page","type-page","status-publish","hentry"],"jetpack_likes_enabled":true,"jetpack_sharing_enabled":true,"jetpack_shortlink":"https:\/\/wp.me\/PgdQEw-1","jetpack-related-posts":[],"_links":{"self":[{"href":"https:\/\/shop.kristoforas.lt\/en\/wp-json\/wp\/v2\/pages\/1","targetHints":{"allow":["GET"]}}],"collection":[{"href":"https:\/\/shop.kristoforas.lt\/en\/wp-json\/wp\/v2\/pages"}],"about":[{"href":"https:\/\/shop.kristoforas.lt\/en\/wp-json\/wp\/v2\/types\/page"}],"author":[{"embeddable":true,"href":"https:\/\/shop.kristoforas.lt\/en\/wp-json\/wp\/v2\/users\/199783574"}],"replies":[{"embeddable":true,"href":"https:\/\/shop.kristoforas.lt\/en\/wp-json\/wp\/v2\/comments?post=1"}],"version-history":[{"count":1,"href":"https:\/\/shop.kristoforas.lt\/en\/wp-json\/wp\/v2\/pages\/1\/revisions"}],"predecessor-version":[{"id":163,"href":"https:\/\/shop.kristoforas.lt\/en\/wp-json\/wp\/v2\/pages\/1\/revisions\/163"}],"wp:attachment":[{"href":"https:\/\/shop.kristoforas.lt\/en\/wp-json\/wp\/v2\/media?parent=1"}],"curies":[{"name":"wp","href":"https:\/\/api.w.org\/{rel}","templated":true}]}}